{"id":6465,"date":"2022-03-29T15:05:40","date_gmt":"2022-03-29T13:05:40","guid":{"rendered":"https:\/\/www.razrez.eu\/?page_id=6465"},"modified":"2022-04-01T23:13:45","modified_gmt":"2022-04-01T21:13:45","slug":"kontakt-2","status":"publish","type":"page","link":"https:\/\/www.razrez.eu\/hr\/_hr-arhiv\/kontakt-2\/","title":{"rendered":"Kontakt"},"content":{"rendered":"<div data-elementor-type=\"wp-page\" data-elementor-id=\"6465\" class=\"elementor elementor-6465\">\n\t\t\t\t\t\t\t\t\t<section class=\"elementor-section elementor-top-section elementor-element elementor-element-3545c85 qodef-elementor-content-grid elementor-section-boxed elementor-section-height-default elementor-section-height-default\" data-id=\"3545c85\" data-element_type=\"section\">\n\t\t\t\t\t\t<div class=\"elementor-container elementor-column-gap-default\">\n\t\t\t\t\t<div class=\"elementor-column elementor-col-50 elementor-top-column elementor-element elementor-element-32e705b\" data-id=\"32e705b\" data-element_type=\"column\">\n\t\t\t<div class=\"elementor-widget-wrap elementor-element-populated\">\n\t\t\t\t\t\t\t\t<div class=\"elementor-element elementor-element-1dcdbef elementor-widget elementor-widget-google_maps\" data-id=\"1dcdbef\" data-element_type=\"widget\" data-widget_type=\"google_maps.default\">\n\t\t\t\t<div class=\"elementor-widget-container\">\n\t\t\t<style>\/*! elementor - v3.18.0 - 04-12-2023 *\/\n.elementor-widget-google_maps .elementor-widget-container{overflow:hidden}.elementor-widget-google_maps .elementor-custom-embed{line-height:0}.elementor-widget-google_maps iframe{height:300px}<\/style>\t\t<div class=\"elementor-custom-embed\">\n\t\t\t<iframe loading=\"lazy\"\n\t\t\t\t\tsrc=\"https:\/\/maps.google.com\/maps?q=Razrez%20d.o.o.&#038;t=m&#038;z=14&#038;output=embed&#038;iwloc=near\"\n\t\t\t\t\ttitle=\"Razrez d.o.o.\"\n\t\t\t\t\taria-label=\"Razrez d.o.o.\"\n\t\t\t><\/iframe>\n\t\t<\/div>\n\t\t\t\t<\/div>\n\t\t\t\t<\/div>\n\t\t\t\t<div class=\"elementor-element elementor-element-c4d4516 elementor-widget elementor-widget-html\" data-id=\"c4d4516\" data-element_type=\"widget\" data-widget_type=\"html.default\">\n\t\t\t\t<div class=\"elementor-widget-container\">\n\t\t\t<div id=\"stal_core_icon_list_item-2\" class=\"widget_stal_core_icon_list_item\" data-area=\"footer_top_area_column_3\">\n\t<div class=\"qodef-icon-list-item qodef-icon--icon-pack qodef-alignment--top\" style=\"margin-bottom: 10px\">\n\t\t<p style=\"color: #ffffff;line-height: 1.625em\">\n\t\t\t<a itemprop=\"url\" href=\"https:\/\/www.google.com\/maps\/place\/Razrez+d.o.o.\/@46.0357656,14.4799428,17z\/data=!4m12!1m6!3m5!1s0x47652da1d10c79e5:0x91ceec0e8affe206!2sRazrez+d.o.o.!8m2!3d46.0357619!4d14.4821315!3m4!1s0x47652da1d10c79e5:0x91ceec0e8affe206!8m2!3d46.0357619!4d14.4821315\" target=\"_blank\">\n\t\t\t\t<span class=\"qodef-e-title-inner\">\n\t\t\t\t\t<span class=\"qodef-shortcode qodef-m  qodef-icon-holder qodef-size--default qodef-layout--normal\" style=\"top: 5px;\">\n\t\t\t\t\t\t<span class=\"qodef-icon-ionicons ion-ios-pin qodef-icon qodef-e\" style=\"color: #ff1414;font-size: 25px;\"><\/span>\n\t\t\t\t\t<\/span>\n\t\t\t\t\t<span class=\"qodef-e-title-text\">\n\t\t\t\t\t\tKoprska ulica 92a, SI-1000 Ljubljana\n\t\t\t\t\t<\/span>\n\t\t\t\t<\/span>\n\t\t\t<\/a>\n\t\t<\/p>\n\t<\/div>\n<\/div>\n<div id=\"stal_core_icon_list_item-3\" class=\"widget_stal_core_icon_list_item\" data-area=\"footer_top_area_column_3\">\n\t<div class=\"qodef-icon-list-item qodef-icon--icon-pack\" style=\"margin-bottom: 10px\">\n\t\t<p style=\"color: #ffffff\">\n\t\t\t<a itemprop=\"url\" href=\"tel: 38659010656\" target=\"_self\">\n\t\t\t\t<span class=\"qodef-e-title-inner\">\n\t\t\t\t\t<span class=\"qodef-shortcode qodef-m  qodef-icon-holder qodef-size--default qodef-layout--normal\">\n\t\t\t\t\t\t<span class=\"qodef-icon-ionicons ion-ios-call qodef-icon qodef-e\" style=\"color: #ff1414;font-size: 25px\"><\/span>\n\t\t\t\t\t<\/span>\n\t\t\t\t\t<span class=\"qodef-e-title-text\">\n\t\t\t\t\t\t+ 386 59 010 656\n\t\t\t\t\t<\/span>\n\t\t\t\t<\/span>\n\t\t\t<\/a>\n\t\t<\/p>\n\t\t<p style=\"color: #ffffff\">\n\t\t\t<a itemprop=\"url\" href=\"tel: 38631241439\" target=\"_self\">\n\t\t\t\t<span class=\"qodef-e-title-inner\">\n\t\t\t\t\t<span class=\"qodef-shortcode qodef-m  qodef-icon-holder qodef-size--default qodef-layout--normal\">\n\t\t\t\t\t\t<span class=\"qodef-icon-ionicons ion-ios-call qodef-icon qodef-e\" style=\"color: #ff1414;font-size: 25px\"><\/span>\n\t\t\t\t\t<\/span>\n\t\t\t\t\t<span class=\"qodef-e-title-text\">\n\t\t\t\t\t\t+ 386 31 241 439\n\t\t\t\t\t<\/span>\n\t\t\t\t<\/span>\n\t\t\t<\/a>\n\t\t<\/p>\n\t<\/div>\n<\/div>\n<div id=\"stal_core_icon_list_item-4\" class=\"widget_stal_core_icon_list_item\" data-area=\"footer_top_area_column_3\">\n\t<div class=\"qodef-icon-list-item qodef-icon--icon-pack\" style=\"margin-bottom: 10px\">\n\t\t<p class=\"\" style=\"color: #ffffff\">\n\t\t\t<a itemprop=\"url\" href=\"mailto:info@razrez.eu\" target=\"_self\">\n\t\t\t\t<span class=\"qodef-e-title-inner\">\n\t\t\t\t\t<span class=\"qodef-shortcode qodef-m  qodef-icon-holder qodef-size--default qodef-layout--normal\">\n\t\t\t\t\t\t<span class=\"qodef-icon-ionicons ion-ios-chatboxes qodef-icon qodef-e\" style=\"color: #ff1414;font-size: 25px\"><\/span>\n\t\t\t\t\t<\/span>\n\t\t\t\t\t<span class=\"qodef-e-title-text\">info@razrez.eu<\/span>\n\t\t\t\t<\/span>\n\t\t\t<\/a>\n\t\t<\/p>\n\t<\/div>\n<\/div>\n\t\t<\/div>\n\t\t\t\t<\/div>\n\t\t\t\t\t<\/div>\n\t\t<\/div>\n\t\t\t\t<div class=\"elementor-column elementor-col-50 elementor-top-column elementor-element elementor-element-47ca105\" data-id=\"47ca105\" data-element_type=\"column\">\n\t\t\t<div class=\"elementor-widget-wrap elementor-element-populated\">\n\t\t\t\t\t\t\t\t<div class=\"elementor-element elementor-element-e94dda4 hs_space-before-mobile elementor-widget elementor-widget-heading\" data-id=\"e94dda4\" data-element_type=\"widget\" data-widget_type=\"heading.default\">\n\t\t\t\t<div class=\"elementor-widget-container\">\n\t\t\t<style>\/*! elementor - v3.18.0 - 04-12-2023 *\/\n.elementor-heading-title{padding:0;margin:0;line-height:1}.elementor-widget-heading .elementor-heading-title[class*=elementor-size-]>a{color:inherit;font-size:inherit;line-height:inherit}.elementor-widget-heading .elementor-heading-title.elementor-size-small{font-size:15px}.elementor-widget-heading .elementor-heading-title.elementor-size-medium{font-size:19px}.elementor-widget-heading .elementor-heading-title.elementor-size-large{font-size:29px}.elementor-widget-heading .elementor-heading-title.elementor-size-xl{font-size:39px}.elementor-widget-heading .elementor-heading-title.elementor-size-xxl{font-size:59px}<\/style><h3 class=\"elementor-heading-title elementor-size-default\">Po\u0161aljite nam poruku<\/h3>\t\t<\/div>\n\t\t\t\t<\/div>\n\t\t\t\t<div class=\"elementor-element elementor-element-3459e51 elementor-widget elementor-widget-qi_addons_for_elementor_contact_form_7\" data-id=\"3459e51\" data-element_type=\"widget\" data-widget_type=\"qi_addons_for_elementor_contact_form_7.default\">\n\t\t\t\t<div class=\"elementor-widget-container\">\n\t\t\t<div class=\"qodef-shortcode qodef-m  qodef-qi-contact-form-7\">\n\t\n<div class=\"wpcf7 no-js\" id=\"wpcf7-f6470-o1\" lang=\"sl-SI\" dir=\"ltr\">\n<div class=\"screen-reader-response\"><p role=\"status\" aria-live=\"polite\" aria-atomic=\"true\"><\/p> <ul><\/ul><\/div>\n<form action=\"\/hr\/wp-json\/wp\/v2\/pages\/6465#wpcf7-f6470-o1\" method=\"post\" class=\"wpcf7-form init\" aria-label=\"Contact form\" novalidate=\"novalidate\" data-status=\"init\" data-trp-original-action=\"\/hr\/wp-json\/wp\/v2\/pages\/6465#wpcf7-f6470-o1\">\n<div style=\"display: none;\">\n<input type=\"hidden\" name=\"_wpcf7\" value=\"6470\" \/>\n<input type=\"hidden\" name=\"_wpcf7_version\" value=\"5.8.4\" \/>\n<input type=\"hidden\" name=\"_wpcf7_locale\" value=\"sl_SI\" \/>\n<input type=\"hidden\" name=\"_wpcf7_unit_tag\" value=\"wpcf7-f6470-o1\" \/>\n<input type=\"hidden\" name=\"_wpcf7_container_post\" value=\"0\" \/>\n<input type=\"hidden\" name=\"_wpcf7_posted_data_hash\" value=\"\" \/>\n<\/div>\n<label> Ime\n    <span class=\"wpcf7-form-control-wrap\" data-name=\"your-name\"><input size=\"40\" class=\"wpcf7-form-control wpcf7-text wpcf7-validates-as-required\" aria-required=\"true\" aria-invalid=\"false\" value=\"\" type=\"text\" name=\"your-name\" \/><\/span> <\/label>\n\n<label> E-adresa\n    <span class=\"wpcf7-form-control-wrap\" data-name=\"your-email\"><input size=\"40\" class=\"wpcf7-form-control wpcf7-email wpcf7-validates-as-required wpcf7-text wpcf7-validates-as-email\" aria-required=\"true\" aria-invalid=\"false\" value=\"\" type=\"email\" name=\"your-email\" \/><\/span> <\/label>\n\n<label> Predmet\n    <span class=\"wpcf7-form-control-wrap\" data-name=\"your-subject\"><input size=\"40\" class=\"wpcf7-form-control wpcf7-text wpcf7-validates-as-required\" aria-required=\"true\" aria-invalid=\"false\" value=\"\" type=\"text\" name=\"your-subject\" \/><\/span> <\/label>\n\n<label> Poruka\n    <span class=\"wpcf7-form-control-wrap\" data-name=\"your-message\"><textarea cols=\"40\" rows=\"10\" class=\"wpcf7-form-control wpcf7-textarea\" aria-invalid=\"false\" name=\"your-message\"><\/textarea><\/span> <\/label>\n\n<button class=\"wpcf7-form-control wpcf7-submit qodef-button qodef-size--normal qodef-layout--splitted qodef-m\" type=\"submit\"><span class=\"qodef-m-text\">\u0160alji<svg class=\"qodef-m-arrowline\" xmlns=\"http:\/\/www.w3.org\/2000\/svg\" xmlns:xlink=\"http:\/\/www.w3.org\/1999\/xlink\" x=\"0px\" y=\"0px\" viewbox=\"0 0 63 20\" xml:space=\"preserve\">\n                            <line x1=\"61.6\" y1=\"10\" x2=\"61.6\" y2=\"10\"\/>\n                            <line x1=\"62\" y1=\"10\" x2=\"61.6\" y2=\"10\"\/>\n                            <line x1=\"61.6\" y1=\"10\" x2=\"1\" y2=\"10\"\/>\n                            <path d=\"M61.6,10\"\/>\n                            <line x1=\"61.6\" y1=\"10\" x2=\"61.6\" y2=\"10\"\/>\n                            <line class=\"arrow-up\" x1=\"56.7\" y1=\"5.1\" x2=\"61.6\" y2=\"10\"\/>\n                            <path d=\"M61.6,10\"\/>\n                            <line x1=\"61.6\" y1=\"10\" x2=\"61.6\" y2=\"10\"\/>\n                            <line class=\"arrow-down\" x1=\"61.6\" y1=\"10\" x2=\"56.7\" y2=\"14.9\"\/>\n                        <\/svg><\/span><span class=\"qodef-m-split qodef-split--up\"><\/span><span class=\"qodef-m-split qodef-split--down\"><\/span><\/button><p style=\"display: none !important;\"><label>&#916;<textarea name=\"_wpcf7_ak_hp_textarea\" cols=\"45\" rows=\"8\" maxlength=\"100\"><\/textarea><\/label><input type=\"hidden\" id=\"ak_js_1\" name=\"_wpcf7_ak_js\" value=\"197\"\/><script>document.getElementById( \"ak_js_1\" ).setAttribute( \"value\", ( new Date() ).getTime() );<\/script><\/p><div class=\"wpcf7-response-output\" aria-hidden=\"true\"><\/div>\n<input type=\"hidden\" name=\"trp-form-language\" value=\"hr\"\/><\/form>\n<\/div>\n<\/div>\n\t\t<\/div>\n\t\t\t\t<\/div>\n\t\t\t\t\t<\/div>\n\t\t<\/div>\n\t\t\t\t\t\t\t<\/div>\n\t\t<\/section>\n\t\t\t\t\t\t\t<\/div>","protected":false},"excerpt":{"rendered":"<p>Koprska ulica 92a, 1000 Ljubljana + 386 59 010 656 + 386 31 241 439 info@razrez.eu Po\u0161aljite nam poruku Ime E-po\u0161tni naslov Zadeva Sporo\u010dilo Po\u0161lji &#916;<\/p>","protected":false},"author":1,"featured_media":5695,"parent":6479,"menu_order":5,"comment_status":"closed","ping_status":"closed","template":"page-full-width.php","meta":{"inline_featured_image":false,"footnotes":""},"class_list":["post-6465","page","type-page","status-publish","has-post-thumbnail","hentry"],"_links":{"self":[{"href":"https:\/\/www.razrez.eu\/hr\/wp-json\/wp\/v2\/pages\/6465","targetHints":{"allow":["GET"]}}],"collection":[{"href":"https:\/\/www.razrez.eu\/hr\/wp-json\/wp\/v2\/pages"}],"about":[{"href":"https:\/\/www.razrez.eu\/hr\/wp-json\/wp\/v2\/types\/page"}],"author":[{"embeddable":true,"href":"https:\/\/www.razrez.eu\/hr\/wp-json\/wp\/v2\/users\/1"}],"replies":[{"embeddable":true,"href":"https:\/\/www.razrez.eu\/hr\/wp-json\/wp\/v2\/comments?post=6465"}],"version-history":[{"count":4,"href":"https:\/\/www.razrez.eu\/hr\/wp-json\/wp\/v2\/pages\/6465\/revisions"}],"predecessor-version":[{"id":6469,"href":"https:\/\/www.razrez.eu\/hr\/wp-json\/wp\/v2\/pages\/6465\/revisions\/6469"}],"up":[{"embeddable":true,"href":"https:\/\/www.razrez.eu\/hr\/wp-json\/wp\/v2\/pages\/6479"}],"wp:featuredmedia":[{"embeddable":true,"href":"https:\/\/www.razrez.eu\/hr\/wp-json\/wp\/v2\/media\/5695"}],"wp:attachment":[{"href":"https:\/\/www.razrez.eu\/hr\/wp-json\/wp\/v2\/media?parent=6465"}],"curies":[{"name":"wp","href":"https:\/\/api.w.org\/{rel}","templated":true}]}}