{"id":5553,"date":"2022-01-28T11:53:17","date_gmt":"2022-01-28T10:53:10","guid":{"rendered":"https:\/\/www.razrez.eu\/storitve\/laserski-razrez-plocevine-5\/"},"modified":"2022-03-14T16:53:15","modified_gmt":"2022-03-14T15:53:15","slug":"cad-cam","status":"publish","type":"page","link":"https:\/\/www.razrez.eu\/hr\/storitve\/cad-cam\/","title":{"rendered":"CAD\/CAM"},"content":{"rendered":"<div data-elementor-type=\"wp-page\" data-elementor-id=\"5553\" class=\"elementor elementor-5553\">\n\t\t\t\t\t\t\t\t\t<section class=\"elementor-section elementor-top-section elementor-element elementor-element-3545c85 qodef-elementor-content-grid elementor-section-boxed elementor-section-height-default elementor-section-height-default\" data-id=\"3545c85\" data-element_type=\"section\">\n\t\t\t\t\t\t<div class=\"elementor-container elementor-column-gap-default\">\n\t\t\t\t\t<div class=\"elementor-column elementor-col-50 elementor-top-column elementor-element elementor-element-32e705b\" data-id=\"32e705b\" data-element_type=\"column\">\n\t\t\t<div class=\"elementor-widget-wrap elementor-element-populated\">\n\t\t\t\t\t\t\t\t<div class=\"elementor-element elementor-element-63a1867 elementor-drop-cap-yes elementor-drop-cap-view-default elementor-widget elementor-widget-text-editor\" data-id=\"63a1867\" data-element_type=\"widget\" data-settings=\"{&quot;drop_cap&quot;:&quot;yes&quot;}\" data-widget_type=\"text-editor.default\">\n\t\t\t\t<div class=\"elementor-widget-container\">\n\t\t\t<style>\/*! elementor - v3.18.0 - 04-12-2023 *\/\n.elementor-widget-text-editor.elementor-drop-cap-view-stacked .elementor-drop-cap{background-color:#69727d;color:#fff}.elementor-widget-text-editor.elementor-drop-cap-view-framed .elementor-drop-cap{color:#69727d;border:3px solid;background-color:transparent}.elementor-widget-text-editor:not(.elementor-drop-cap-view-default) .elementor-drop-cap{margin-top:8px}.elementor-widget-text-editor:not(.elementor-drop-cap-view-default) .elementor-drop-cap-letter{width:1em;height:1em}.elementor-widget-text-editor .elementor-drop-cap{float:left;text-align:center;line-height:1;font-size:50px}.elementor-widget-text-editor .elementor-drop-cap-letter{display:inline-block}<\/style>\t\t\t\t<p>U tvrtki Razrez d. o. o. koristimo potpuno integrirani CAD\/CAM sustav programiranja za planiranje  Cadman L-3D, koji modeliranje \u010dini jednostavnijim.<\/p><p>Elektroni\u010dku tehni\u010dku dokumentaciju primamo u <strong>DXF<\/strong>, <strong>DWG<\/strong>, <strong>SAT<\/strong>, <strong>IGES, STEP, XT,<\/strong>\u00a0itd.<\/p><p>U suradnji s vama razvijamo i izra\u0111ujemo prototipove, a zatim proizvodimo serije.<\/p><p>Tehnologija CAD\/CAM postaje zlatni standard koji omogu\u0107ava brzu i preciznu izradu kona\u010dnih proizvoda. CAD\/CAM je kratica za engleske izraze <em>Computer Aided Design\/Computer Aided Manufacturing<\/em> (ra\u010dunalno potpomognuto oblikovanje \/ ra\u010dunalno potpomognuta proizvodnja). Navedena je tehnologija ve\u0107 40 godina prisutna u razli\u010ditim granama industrije u kojima se zahtijeva velika prilagodljivost i preciznost izrade (svemirska, zrakoplovna, automobilska industrija, a pojavljuje se ve\u0107 i u zdravstvu).<\/p><p>Programiranje CNC strojeva za obradu postupak je pisanja programa prema unaprijed odre\u0111enoj tehnologiji razvoja proizvoda.<\/p><p>Pri ra\u010dunalno potpomognutom programiranju, NC kod izra\u0111uje se s pomo\u0107u CAD\/CAM sustava na osnovi 3D geometrije proizvoda, raspolo\u017eivih alata i procesa obrade. Ra\u010dunalno potpomognuto programiranje dominira nad ru\u010dnim zbog:<\/p><ul><li>br\u017eeg stvaranja programa,<\/li><li>manje mogu\u0107nosti gre\u0161aka,<\/li><li>boljeg iskori\u0161tenja resursa.<\/li><\/ul><p>CAD\/CAM je tehnologija koja omogu\u0107ava automatski tijek od konstruiranja proizvoda do njegove proizvodnje te predstavlja povezivanje konstruiranja (CAD) i proizvodnih aktivnosti (CAM) uz ra\u010dunalno potpomaganje.<\/p><p><strong>CAD (ra\u010dunalno potpomognuto konstruiranje)<\/strong> je upotreba ra\u010dunalnih programa u obliku pomo\u0107i kod dizajniranja, konstruiranja, analize i procjene, mijenjanja i optimizacije proizvoda. Ukratko, predstavlja put od dizajniranja do dokumentacije.<\/p><p><strong>CAM (ra\u010dunalno potpomognuta proizvodnja)<\/strong> je u\u010dinkovita upotreba ra\u010dunalne tehnologije za planiranje, upravljanje i nadziranje proizvodnih procesa. Na osnovi CAD modela generira se G kod za obradu na stroju kojim upravlja ra\u010dunalo. Danas se gotovo sve vrste obrade temelje na CAM tehnologiji. Za razliku od CAD-a koji se upotrebljava kao pomo\u0107 pri modeliranju i konstruiranju proizvoda, procesa i proizvodnih pogona, CAM se upotrebljava kao programska pomo\u0107 pri proizvodnim djelatnostima kao \u0161to je upravljanje CNC strojevima koji se koriste pri obradi i proizvodnji proizvoda.<\/p>\t\t\t\t\t\t<\/div>\n\t\t\t\t<\/div>\n\t\t\t\t\t<\/div>\n\t\t<\/div>\n\t\t\t\t<div class=\"elementor-column elementor-col-50 elementor-top-column elementor-element elementor-element-47ca105\" data-id=\"47ca105\" data-element_type=\"column\">\n\t\t\t<div class=\"elementor-widget-wrap elementor-element-populated\">\n\t\t\t\t\t\t\t\t<div class=\"elementor-element elementor-element-b633a97 elementor-widget elementor-widget-text-editor\" data-id=\"b633a97\" data-element_type=\"widget\" data-widget_type=\"text-editor.default\">\n\t\t\t\t<div class=\"elementor-widget-container\">\n\t\t\t\t\t\t\t<h3>Prednosti:<\/h3><ul><li>priprema odre\u0111enog proizvoda,<\/li><li>priprema i optimizacija puta alata,<\/li><li>stvaranje i upotreba baze podataka i kataloga uvjeta,<\/li><li>priprema rezanja i alata,<\/li><li>izra\u010dun proizvodnog vremena,<\/li><li>priprema NC programa,<\/li><li>simulacija i vizualizacija proizvodnih procesa,<\/li><li>priprema proizvodne dokumentacije.<\/li><\/ul>\t\t\t\t\t\t<\/div>\n\t\t\t\t<\/div>\n\t\t\t\t\t<\/div>\n\t\t<\/div>\n\t\t\t\t\t\t\t<\/div>\n\t\t<\/section>\n\t\t\t\t\t\t\t<\/div>","protected":false},"excerpt":{"rendered":"<p>V podjetju Razrez d.o.o. uporabljamo popoln integrirani CAD\/CAM sistem programiranja za na\u010drtovanje Cadman L-3D, ki naredi modeliranje bolj enostavno. Elektronsko tehni\u010dno dokumentacijo sprejemamo v zapisih DXF, DWG, SAT, IGES, STEP, XT,\u00a0itd. V sodelovanju z vami, razvijemo in izdelamo prve kose, nato pa izpeljemo izdelavo serij. Tehnologija CAD\/CAM postaja zlati standard, ki omogo\u010da hitro in natan\u010dno [&hellip;]<\/p>","protected":false},"author":1,"featured_media":5499,"parent":5548,"menu_order":5,"comment_status":"closed","ping_status":"closed","template":"page-full-width.php","meta":{"inline_featured_image":false,"footnotes":""},"class_list":["post-5553","page","type-page","status-publish","has-post-thumbnail","hentry"],"_links":{"self":[{"href":"https:\/\/www.razrez.eu\/hr\/wp-json\/wp\/v2\/pages\/5553","targetHints":{"allow":["GET"]}}],"collection":[{"href":"https:\/\/www.razrez.eu\/hr\/wp-json\/wp\/v2\/pages"}],"about":[{"href":"https:\/\/www.razrez.eu\/hr\/wp-json\/wp\/v2\/types\/page"}],"author":[{"embeddable":true,"href":"https:\/\/www.razrez.eu\/hr\/wp-json\/wp\/v2\/users\/1"}],"replies":[{"embeddable":true,"href":"https:\/\/www.razrez.eu\/hr\/wp-json\/wp\/v2\/comments?post=5553"}],"version-history":[{"count":16,"href":"https:\/\/www.razrez.eu\/hr\/wp-json\/wp\/v2\/pages\/5553\/revisions"}],"predecessor-version":[{"id":6320,"href":"https:\/\/www.razrez.eu\/hr\/wp-json\/wp\/v2\/pages\/5553\/revisions\/6320"}],"up":[{"embeddable":true,"href":"https:\/\/www.razrez.eu\/hr\/wp-json\/wp\/v2\/pages\/5548"}],"wp:featuredmedia":[{"embeddable":true,"href":"https:\/\/www.razrez.eu\/hr\/wp-json\/wp\/v2\/media\/5499"}],"wp:attachment":[{"href":"https:\/\/www.razrez.eu\/hr\/wp-json\/wp\/v2\/media?parent=5553"}],"curies":[{"name":"wp","href":"https:\/\/api.w.org\/{rel}","templated":true}]}}