{"id":5552,"date":"2022-01-28T11:53:17","date_gmt":"2022-01-28T10:53:10","guid":{"rendered":"https:\/\/www.razrez.eu\/storitve\/laserski-razrez-plocevine-4\/"},"modified":"2022-04-04T13:31:07","modified_gmt":"2022-04-04T11:31:07","slug":"povrsinska-obdelava","status":"publish","type":"page","link":"https:\/\/www.razrez.eu\/en\/storitve\/povrsinska-obdelava\/","title":{"rendered":"Surface treatment"},"content":{"rendered":"<div data-elementor-type=\"wp-page\" data-elementor-id=\"5552\" class=\"elementor elementor-5552\">\n\t\t\t\t\t\t\t\t\t<section class=\"elementor-section elementor-top-section elementor-element elementor-element-3545c85 qodef-elementor-content-grid elementor-section-boxed elementor-section-height-default elementor-section-height-default\" data-id=\"3545c85\" data-element_type=\"section\">\n\t\t\t\t\t\t<div class=\"elementor-container elementor-column-gap-default\">\n\t\t\t\t\t<div class=\"elementor-column elementor-col-50 elementor-top-column elementor-element elementor-element-32e705b\" data-id=\"32e705b\" data-element_type=\"column\">\n\t\t\t<div class=\"elementor-widget-wrap elementor-element-populated\">\n\t\t\t\t\t\t\t\t<div class=\"elementor-element elementor-element-63a1867 elementor-drop-cap-yes elementor-drop-cap-view-default elementor-widget elementor-widget-text-editor\" data-id=\"63a1867\" data-element_type=\"widget\" data-settings=\"{&quot;drop_cap&quot;:&quot;yes&quot;}\" data-widget_type=\"text-editor.default\">\n\t\t\t\t<div class=\"elementor-widget-container\">\n\t\t\t<style>\/*! elementor - v3.18.0 - 04-12-2023 *\/\n.elementor-widget-text-editor.elementor-drop-cap-view-stacked .elementor-drop-cap{background-color:#69727d;color:#fff}.elementor-widget-text-editor.elementor-drop-cap-view-framed .elementor-drop-cap{color:#69727d;border:3px solid;background-color:transparent}.elementor-widget-text-editor:not(.elementor-drop-cap-view-default) .elementor-drop-cap{margin-top:8px}.elementor-widget-text-editor:not(.elementor-drop-cap-view-default) .elementor-drop-cap-letter{width:1em;height:1em}.elementor-widget-text-editor .elementor-drop-cap{float:left;text-align:center;line-height:1;font-size:50px}.elementor-widget-text-editor .elementor-drop-cap-letter{display:inline-block}<\/style>\t\t\t\t<p>In cooperation with our distinguished partners, we offer all types of surface protection in accordance with the latest European standards.<\/p>\t\t\t\t\t\t<\/div>\n\t\t\t\t<\/div>\n\t\t\t\t\t<\/div>\n\t\t<\/div>\n\t\t\t\t<div class=\"elementor-column elementor-col-50 elementor-top-column elementor-element elementor-element-47ca105\" data-id=\"47ca105\" data-element_type=\"column\">\n\t\t\t<div class=\"elementor-widget-wrap elementor-element-populated\">\n\t\t\t\t\t\t\t\t<div class=\"elementor-element elementor-element-b633a97 elementor-widget elementor-widget-text-editor\" data-id=\"b633a97\" data-element_type=\"widget\" data-widget_type=\"text-editor.default\">\n\t\t\t\t<div class=\"elementor-widget-container\">\n\t\t\t\t\t\t\t<h3>We offer:<\/h3><ul><li>Powder coating<\/li><li>Galvanising<\/li><li>Nickel-Platingring<\/li><li>Chroming<\/li><li>Anodising<\/li><li>Cataphoresis<\/li><li>Screen printing<\/li><li>Engraving<\/li><\/ul>\t\t\t\t\t\t<\/div>\n\t\t\t\t<\/div>\n\t\t\t\t\t<\/div>\n\t\t<\/div>\n\t\t\t\t\t\t\t<\/div>\n\t\t<\/section>\n\t\t\t\t\t\t\t<\/div>","protected":false},"excerpt":{"rendered":"<p>V sodelovanju z na\u0161imi preizku\u0161enimi partnerji nudimo vse vrste povr\u0161inskih za\u0161\u010dit v skladu z zadnjimi evropskimi standardi. Nudimo: Pra\u0161no lakiranje Cinkanje Nikljanje Kromanje Eloksiranje Kataforeza Sitotisk Graviranje<\/p>","protected":false},"author":1,"featured_media":5507,"parent":5548,"menu_order":4,"comment_status":"closed","ping_status":"closed","template":"page-full-width.php","meta":{"inline_featured_image":false,"footnotes":""},"class_list":["post-5552","page","type-page","status-publish","has-post-thumbnail","hentry"],"_links":{"self":[{"href":"https:\/\/www.razrez.eu\/en\/wp-json\/wp\/v2\/pages\/5552","targetHints":{"allow":["GET"]}}],"collection":[{"href":"https:\/\/www.razrez.eu\/en\/wp-json\/wp\/v2\/pages"}],"about":[{"href":"https:\/\/www.razrez.eu\/en\/wp-json\/wp\/v2\/types\/page"}],"author":[{"embeddable":true,"href":"https:\/\/www.razrez.eu\/en\/wp-json\/wp\/v2\/users\/1"}],"replies":[{"embeddable":true,"href":"https:\/\/www.razrez.eu\/en\/wp-json\/wp\/v2\/comments?post=5552"}],"version-history":[{"count":13,"href":"https:\/\/www.razrez.eu\/en\/wp-json\/wp\/v2\/pages\/5552\/revisions"}],"predecessor-version":[{"id":6497,"href":"https:\/\/www.razrez.eu\/en\/wp-json\/wp\/v2\/pages\/5552\/revisions\/6497"}],"up":[{"embeddable":true,"href":"https:\/\/www.razrez.eu\/en\/wp-json\/wp\/v2\/pages\/5548"}],"wp:featuredmedia":[{"embeddable":true,"href":"https:\/\/www.razrez.eu\/en\/wp-json\/wp\/v2\/media\/5507"}],"wp:attachment":[{"href":"https:\/\/www.razrez.eu\/en\/wp-json\/wp\/v2\/media?parent=5552"}],"curies":[{"name":"wp","href":"https:\/\/api.w.org\/{rel}","templated":true}]}}