{"id":248,"date":"2020-01-28T14:06:02","date_gmt":"2020-01-28T14:06:02","guid":{"rendered":"https:\/\/stal.qodeinteractive.com\/?page_id=248"},"modified":"2023-02-15T13:10:52","modified_gmt":"2023-02-15T12:10:52","slug":"interactive-columns","status":"publish","type":"page","link":"https:\/\/www.razrez.eu\/en\/","title":{"rendered":"Home"},"content":{"rendered":"<div data-elementor-type=\"wp-page\" data-elementor-id=\"248\" class=\"elementor elementor-248\">\n\t\t\t\t\t\t\t\t\t<section class=\"elementor-section elementor-top-section elementor-element elementor-element-e542973 elementor-section-full_width elementor-section-height-default elementor-section-height-default qodef-elementor-content-no\" data-id=\"e542973\" data-element_type=\"section\">\n\t\t\t\t\t\t<div class=\"elementor-container elementor-column-gap-default\">\n\t\t\t\t\t<div class=\"elementor-column elementor-col-100 elementor-top-column elementor-element elementor-element-0a4b23f\" data-id=\"0a4b23f\" data-element_type=\"column\">\n\t\t\t<div class=\"elementor-widget-wrap elementor-element-populated\">\n\t\t\t\t\t\t\t\t<div class=\"elementor-element elementor-element-485c428 hs_razrez_welcome elementor-widget elementor-widget-stal_core_interactive_banners\" data-id=\"485c428\" data-element_type=\"widget\" data-widget_type=\"stal_core_interactive_banners.default\">\n\t\t\t\t<div class=\"elementor-widget-container\">\n\t\t\t\n<div class=\"qodef-interactive-banners qodef-shortcode qodef-m   qodef-interactive-banners-five\">\n    <div class=\"qodef-ib-images-holder\">\n                    <div class=\"qodef-ib-image-holder qodef-active\" style=\"background-image: url(https:\/\/www.razrez.eu\/wp-content\/uploads\/2022\/02\/Laserski-razrez-plocevine-RAZREZ-1.jpg)\" data-index=\"0\">\n\n            <\/div>\n                                            <div class=\"qodef-ib-image-holder\" style=\"background-image: url(https:\/\/www.razrez.eu\/wp-content\/uploads\/2022\/01\/Laserski-razrez-cevi-RAZREZ-1.jpg)\" data-index=\"1\">\n\n            <\/div>\n                                            <div class=\"qodef-ib-image-holder\" style=\"background-image: url(https:\/\/www.razrez.eu\/wp-content\/uploads\/2022\/03\/CNC-krivljenje-plocevine-RAZREZ-1.jpg)\" data-index=\"2\">\n\n            <\/div>\n                                            <div class=\"qodef-ib-image-holder\" style=\"background-image: url(https:\/\/www.razrez.eu\/wp-content\/uploads\/2023\/02\/CNC-struzenje-RAZREZ-1.jpg)\" data-index=\"3\">\n\n            <\/div>\n                                            <div class=\"qodef-ib-image-holder\" style=\"background-image: url(https:\/\/www.razrez.eu\/wp-content\/uploads\/2022\/01\/CAD-CAM-RAZREZ-1.jpg)\" data-index=\"4\">\n\n            <\/div>\n                            <\/div>\n    <div class=\"qodef-ib-content-holder\">\n                    <div class=\"qodef-ib-item qodef-active\" data-index=\"0\">\n                <div class=\"qodef-ib-image-holder-responsive\" style=\"background-image: url(https:\/\/www.razrez.eu\/wp-content\/uploads\/2022\/02\/Laserski-razrez-plocevine-RAZREZ-1.jpg)\">\n\n                <\/div>\n\t            <span class=\"qodef-ib-item-tag\">Laser cutting of sheet metal<\/span>\n                <div class=\"qodef-ib-item-inner\">\n\t                \t                <div class=\"qodef-ib-item-small-image\">\n\t                    <img fetchpriority=\"high\" decoding=\"async\" width=\"538\" height=\"512\" src=\"https:\/\/www.razrez.eu\/wp-content\/uploads\/2022\/03\/WH-picto-razrez-services-laser-cutting-sheet-metal.svg\" class=\"attachment-full size-full\" alt=\"\" \/>\t                <\/div>\n\t                                    <div class=\"qodef-ib-item-title\">\n                        <h3> Laser cutting of sheet metal <\/h3>\n                    <\/div>\n\t                <div class=\"qodef-ib-item-subtitle\">\n\t\t                <p> Precise and high-speed cutting of complex shapes <\/p>\n\t                <\/div>\n                                            <div class=\"qodef-ib-item-btn-holder\">\n                                <a class=\"qodef-shortcode qodef-m  qodef-button qodef-layout--textual qodef-size--small qodef-html--link\" href=\"https:\/\/www.razrez.eu\/en\/storitve\/laserski-razrez-plocevine\/\" target=\"_self\"  >\t<span class=\"qodef-m-text\">        More        <svg class=\"qodef-m-arrowline\" xmlns=\"http:\/\/www.w3.org\/2000\/svg\" xmlns:xlink=\"http:\/\/www.w3.org\/1999\/xlink\" x=\"0px\" y=\"0px\" viewbox=\"0 0 63 20\" xml:space=\"preserve\">                            <line x1=\"61.6\" y1=\"10\" x2=\"61.6\" y2=\"10\"\/>                            <line x1=\"62\" y1=\"10\" x2=\"61.6\" y2=\"10\"\/>                            <line x1=\"61.6\" y1=\"10\" x2=\"1\" y2=\"10\"\/>                            <path d=\"M61.6,10\"\/>                            <line x1=\"61.6\" y1=\"10\" x2=\"61.6\" y2=\"10\"\/>                            <line class=\"arrow-up\" x1=\"56.7\" y1=\"5.1\" x2=\"61.6\" y2=\"10\"\/>                            <path d=\"M61.6,10\"\/>                            <line x1=\"61.6\" y1=\"10\" x2=\"61.6\" y2=\"10\"\/>                            <line class=\"arrow-down\" x1=\"61.6\" y1=\"10\" x2=\"56.7\" y2=\"14.9\"\/>                        <\/svg>    <\/span><\/a>                        <\/div>\n                                    <\/div>\n            <\/div>\n                                            <div class=\"qodef-ib-item\" data-index=\"1\">\n                <div class=\"qodef-ib-image-holder-responsive\" style=\"background-image: url(https:\/\/www.razrez.eu\/wp-content\/uploads\/2022\/01\/Laserski-razrez-cevi-RAZREZ-1.jpg)\">\n\n                <\/div>\n\t            <span class=\"qodef-ib-item-tag\">Laser cutting of tubes<\/span>\n                <div class=\"qodef-ib-item-inner\">\n\t                \t                <div class=\"qodef-ib-item-small-image\">\n\t                    <img decoding=\"async\" width=\"512\" height=\"512\" src=\"https:\/\/www.razrez.eu\/wp-content\/uploads\/2022\/03\/WH-picto-razrez-services-laser-cutting-pipes.svg\" class=\"attachment-full size-full\" alt=\"\" \/>\t                <\/div>\n\t                                    <div class=\"qodef-ib-item-title\">\n                        <h3> Laser cutting of tubes <\/h3>\n                    <\/div>\n\t                <div class=\"qodef-ib-item-subtitle\">\n\t\t                <p> Fibre laser technology ensures cutting accuracy for copper, brass, and other materials <\/p>\n\t                <\/div>\n                                            <div class=\"qodef-ib-item-btn-holder\">\n                                <a class=\"qodef-shortcode qodef-m  qodef-button qodef-layout--textual qodef-size--small qodef-html--link\" href=\"https:\/\/www.razrez.eu\/en\/storitve\/laserski-razrez-cevi\/\" target=\"_self\"  >\t<span class=\"qodef-m-text\">        More        <svg class=\"qodef-m-arrowline\" xmlns=\"http:\/\/www.w3.org\/2000\/svg\" xmlns:xlink=\"http:\/\/www.w3.org\/1999\/xlink\" x=\"0px\" y=\"0px\" viewbox=\"0 0 63 20\" xml:space=\"preserve\">                            <line x1=\"61.6\" y1=\"10\" x2=\"61.6\" y2=\"10\"\/>                            <line x1=\"62\" y1=\"10\" x2=\"61.6\" y2=\"10\"\/>                            <line x1=\"61.6\" y1=\"10\" x2=\"1\" y2=\"10\"\/>                            <path d=\"M61.6,10\"\/>                            <line x1=\"61.6\" y1=\"10\" x2=\"61.6\" y2=\"10\"\/>                            <line class=\"arrow-up\" x1=\"56.7\" y1=\"5.1\" x2=\"61.6\" y2=\"10\"\/>                            <path d=\"M61.6,10\"\/>                            <line x1=\"61.6\" y1=\"10\" x2=\"61.6\" y2=\"10\"\/>                            <line class=\"arrow-down\" x1=\"61.6\" y1=\"10\" x2=\"56.7\" y2=\"14.9\"\/>                        <\/svg>    <\/span><\/a>                        <\/div>\n                                    <\/div>\n            <\/div>\n                                            <div class=\"qodef-ib-item\" data-index=\"2\">\n                <div class=\"qodef-ib-image-holder-responsive\" style=\"background-image: url(https:\/\/www.razrez.eu\/wp-content\/uploads\/2022\/03\/CNC-krivljenje-plocevine-RAZREZ-1.jpg)\">\n\n                <\/div>\n\t            <span class=\"qodef-ib-item-tag\">CNC sheet metal bending<\/span>\n                <div class=\"qodef-ib-item-inner\">\n\t                \t                <div class=\"qodef-ib-item-small-image\">\n\t                    <img decoding=\"async\" width=\"512\" height=\"512\" src=\"https:\/\/www.razrez.eu\/wp-content\/uploads\/2022\/03\/WH-picto-razrez-services-cnc-metal-bending.svg\" class=\"attachment-full size-full\" alt=\"\" \/>\t                <\/div>\n\t                                    <div class=\"qodef-ib-item-title\">\n                        <h3> CNC sheet metal bending <\/h3>\n                    <\/div>\n\t                <div class=\"qodef-ib-item-subtitle\">\n\t\t                <p> Bending even the most complex of shapes <\/p>\n\t                <\/div>\n                                            <div class=\"qodef-ib-item-btn-holder\">\n                                <a class=\"qodef-shortcode qodef-m  qodef-button qodef-layout--textual qodef-size--small qodef-html--link\" href=\"https:\/\/www.razrez.eu\/en\/storitve\/cnc-krivljenje-plocevine\/\" target=\"_self\"  >\t<span class=\"qodef-m-text\">        More        <svg class=\"qodef-m-arrowline\" xmlns=\"http:\/\/www.w3.org\/2000\/svg\" xmlns:xlink=\"http:\/\/www.w3.org\/1999\/xlink\" x=\"0px\" y=\"0px\" viewbox=\"0 0 63 20\" xml:space=\"preserve\">                            <line x1=\"61.6\" y1=\"10\" x2=\"61.6\" y2=\"10\"\/>                            <line x1=\"62\" y1=\"10\" x2=\"61.6\" y2=\"10\"\/>                            <line x1=\"61.6\" y1=\"10\" x2=\"1\" y2=\"10\"\/>                            <path d=\"M61.6,10\"\/>                            <line x1=\"61.6\" y1=\"10\" x2=\"61.6\" y2=\"10\"\/>                            <line class=\"arrow-up\" x1=\"56.7\" y1=\"5.1\" x2=\"61.6\" y2=\"10\"\/>                            <path d=\"M61.6,10\"\/>                            <line x1=\"61.6\" y1=\"10\" x2=\"61.6\" y2=\"10\"\/>                            <line class=\"arrow-down\" x1=\"61.6\" y1=\"10\" x2=\"56.7\" y2=\"14.9\"\/>                        <\/svg>    <\/span><\/a>                        <\/div>\n                                    <\/div>\n            <\/div>\n                                            <div class=\"qodef-ib-item\" data-index=\"3\">\n                <div class=\"qodef-ib-image-holder-responsive\" style=\"background-image: url(https:\/\/www.razrez.eu\/wp-content\/uploads\/2023\/02\/CNC-struzenje-RAZREZ-1.jpg)\">\n\n                <\/div>\n\t            <span class=\"qodef-ib-item-tag\">CNC turning<\/span>\n                <div class=\"qodef-ib-item-inner\">\n\t                \t                <div class=\"qodef-ib-item-small-image\">\n\t                    <img loading=\"lazy\" decoding=\"async\" width=\"369\" height=\"351\" src=\"https:\/\/www.razrez.eu\/wp-content\/uploads\/2023\/02\/WH-picto-razrez-services-cnc-lathe.svg\" class=\"attachment-full size-full\" alt=\"\" \/>\t                <\/div>\n\t                                    <div class=\"qodef-ib-item-title\">\n                        <h3> CNC turning <\/h3>\n                    <\/div>\n\t                <div class=\"qodef-ib-item-subtitle\">\n\t\t                <p> Precise double-sided turning <\/p>\n\t                <\/div>\n                                            <div class=\"qodef-ib-item-btn-holder\">\n                                <a class=\"qodef-shortcode qodef-m  qodef-button qodef-layout--textual qodef-size--small qodef-html--link\" href=\"https:\/\/www.razrez.eu\/en\/storitve\/cnc-struzenje\/\" target=\"_self\"  >\t<span class=\"qodef-m-text\">        More        <svg class=\"qodef-m-arrowline\" xmlns=\"http:\/\/www.w3.org\/2000\/svg\" xmlns:xlink=\"http:\/\/www.w3.org\/1999\/xlink\" x=\"0px\" y=\"0px\" viewbox=\"0 0 63 20\" xml:space=\"preserve\">                            <line x1=\"61.6\" y1=\"10\" x2=\"61.6\" y2=\"10\"\/>                            <line x1=\"62\" y1=\"10\" x2=\"61.6\" y2=\"10\"\/>                            <line x1=\"61.6\" y1=\"10\" x2=\"1\" y2=\"10\"\/>                            <path d=\"M61.6,10\"\/>                            <line x1=\"61.6\" y1=\"10\" x2=\"61.6\" y2=\"10\"\/>                            <line class=\"arrow-up\" x1=\"56.7\" y1=\"5.1\" x2=\"61.6\" y2=\"10\"\/>                            <path d=\"M61.6,10\"\/>                            <line x1=\"61.6\" y1=\"10\" x2=\"61.6\" y2=\"10\"\/>                            <line class=\"arrow-down\" x1=\"61.6\" y1=\"10\" x2=\"56.7\" y2=\"14.9\"\/>                        <\/svg>    <\/span><\/a>                        <\/div>\n                                    <\/div>\n            <\/div>\n                                            <div class=\"qodef-ib-item\" data-index=\"4\">\n                <div class=\"qodef-ib-image-holder-responsive\" style=\"background-image: url(https:\/\/www.razrez.eu\/wp-content\/uploads\/2022\/01\/CAD-CAM-RAZREZ-1.jpg)\">\n\n                <\/div>\n\t            <span class=\"qodef-ib-item-tag\">CAD \/ CAM<\/span>\n                <div class=\"qodef-ib-item-inner\">\n\t                \t                <div class=\"qodef-ib-item-small-image\">\n\t                    <img loading=\"lazy\" decoding=\"async\" width=\"512\" height=\"373\" src=\"https:\/\/www.razrez.eu\/wp-content\/uploads\/2022\/03\/WH-picto-razrez-services-cad-cam.svg\" class=\"attachment-full size-full\" alt=\"\" \/>\t                <\/div>\n\t                                    <div class=\"qodef-ib-item-title\">\n                        <h3> CAD\/CAM <\/h3>\n                    <\/div>\n\t                <div class=\"qodef-ib-item-subtitle\">\n\t\t                <p> Cadman L-3D integrated CAD\/CAM programming system for design <\/p>\n\t                <\/div>\n                                            <div class=\"qodef-ib-item-btn-holder\">\n                                <a class=\"qodef-shortcode qodef-m  qodef-button qodef-layout--textual qodef-size--small qodef-html--link\" href=\"https:\/\/www.razrez.eu\/en\/storitve\/cad-cam\/\" target=\"_self\"  >\t<span class=\"qodef-m-text\">        More        <svg class=\"qodef-m-arrowline\" xmlns=\"http:\/\/www.w3.org\/2000\/svg\" xmlns:xlink=\"http:\/\/www.w3.org\/1999\/xlink\" x=\"0px\" y=\"0px\" viewbox=\"0 0 63 20\" xml:space=\"preserve\">                            <line x1=\"61.6\" y1=\"10\" x2=\"61.6\" y2=\"10\"\/>                            <line x1=\"62\" y1=\"10\" x2=\"61.6\" y2=\"10\"\/>                            <line x1=\"61.6\" y1=\"10\" x2=\"1\" y2=\"10\"\/>                            <path d=\"M61.6,10\"\/>                            <line x1=\"61.6\" y1=\"10\" x2=\"61.6\" y2=\"10\"\/>                            <line class=\"arrow-up\" x1=\"56.7\" y1=\"5.1\" x2=\"61.6\" y2=\"10\"\/>                            <path d=\"M61.6,10\"\/>                            <line x1=\"61.6\" y1=\"10\" x2=\"61.6\" y2=\"10\"\/>                            <line class=\"arrow-down\" x1=\"61.6\" y1=\"10\" x2=\"56.7\" y2=\"14.9\"\/>                        <\/svg>    <\/span><\/a>                        <\/div>\n                                    <\/div>\n            <\/div>\n                            <\/div>\n    <div class=\"qodef-ib-grid\">\n                    <div class=\"qodef-ib-grid-line\">\n                <div class=\"qodef-ib-grid-vertical-line\"><\/div>\n            <\/div>\n                    <div class=\"qodef-ib-grid-line\">\n                <div class=\"qodef-ib-grid-vertical-line\"><\/div>\n            <\/div>\n                    <div class=\"qodef-ib-grid-line\">\n                <div class=\"qodef-ib-grid-vertical-line\"><\/div>\n            <\/div>\n                    <div class=\"qodef-ib-grid-line\">\n                <div class=\"qodef-ib-grid-vertical-line\"><\/div>\n            <\/div>\n                    <div class=\"qodef-ib-grid-line\">\n                <div class=\"qodef-ib-grid-vertical-line\"><\/div>\n            <\/div>\n            <\/div>\n<\/div>\t\t<\/div>\n\t\t\t\t<\/div>\n\t\t\t\t\t<\/div>\n\t\t<\/div>\n\t\t\t\t\t\t\t<\/div>\n\t\t<\/section>\n\t\t\t\t\t\t\t<\/div>","protected":false},"excerpt":{"rendered":"<p>Laserski razrez plo\u010devine Laserski razrez plo\u010devine Natan\u010den in hiter razrez kompleksnej\u0161ih oblik Ve\u010d Laserski razrez cevi Laserski razrez cevi Fiber laser tehnologija omogo\u010da rezanje bakra, medenine &#8230; Ve\u010d CNC krivljenje plo\u010devine CNC krivljenje plo\u010devine Krivljenje tudi najzahtevnej\u0161ih oblik Ve\u010d CNC stru\u017eenje CNC stru\u017eenje Natan\u010dno obojestransko stru\u017eenje Ve\u010d CAD \/ CAM CAD\/CAM Integrirani cad\/cam Cadman L-3D [&hellip;]<\/p>","protected":false},"author":1,"featured_media":0,"parent":0,"menu_order":1,"comment_status":"closed","ping_status":"closed","template":"page-full-width.php","meta":{"inline_featured_image":false,"footnotes":""},"class_list":["post-248","page","type-page","status-publish","hentry"],"_links":{"self":[{"href":"https:\/\/www.razrez.eu\/en\/wp-json\/wp\/v2\/pages\/248","targetHints":{"allow":["GET"]}}],"collection":[{"href":"https:\/\/www.razrez.eu\/en\/wp-json\/wp\/v2\/pages"}],"about":[{"href":"https:\/\/www.razrez.eu\/en\/wp-json\/wp\/v2\/types\/page"}],"author":[{"embeddable":true,"href":"https:\/\/www.razrez.eu\/en\/wp-json\/wp\/v2\/users\/1"}],"replies":[{"embeddable":true,"href":"https:\/\/www.razrez.eu\/en\/wp-json\/wp\/v2\/comments?post=248"}],"version-history":[{"count":135,"href":"https:\/\/www.razrez.eu\/en\/wp-json\/wp\/v2\/pages\/248\/revisions"}],"predecessor-version":[{"id":6551,"href":"https:\/\/www.razrez.eu\/en\/wp-json\/wp\/v2\/pages\/248\/revisions\/6551"}],"wp:attachment":[{"href":"https:\/\/www.razrez.eu\/en\/wp-json\/wp\/v2\/media?parent=248"}],"curies":[{"name":"wp","href":"https:\/\/api.w.org\/{rel}","templated":true}]}}